{"id":1505,"date":"2026-03-28T10:40:33","date_gmt":"2026-03-28T10:40:33","guid":{"rendered":"https:\/\/2026.ncmrcongress.org.tr\/?page_id=1505"},"modified":"2026-04-03T06:44:57","modified_gmt":"2026-04-03T06:44:57","slug":"konaklama","status":"publish","type":"page","link":"https:\/\/2026.ncmrcongress.org.tr\/index.php\/konaklama\/","title":{"rendered":"ACCOMODATION"},"content":{"rendered":"\n<p>KONAKLAMA<\/p>\n\n\n\n<h4 class=\"wp-block-heading\">Kastamonu \u00dcniversitesi Mevl\u00fct Beyribey Konukevi<\/h4>\n\n\n\n<p>Kastamonu \u00dcniversitesi, Kuzeykent Kamp\u00fcs\u00fc<\/p>\n\n\n\n<p>Tel: 0366 280 32 00<\/p>\n\n\n\n<p><strong>(Rezervasyona kapanm\u0131\u015ft\u0131r)<\/strong><\/p>\n\n\n\n<p>.<\/p>\n\n\n\n<p><a href=\"https:\/\/beyribey.kastamonu.edu.tr\/index.php\" target=\"_blank\" rel=\"noreferrer noopener\"><strong>Konukevi<\/strong><\/a><\/p>\n\n\n\n<h4 class=\"wp-block-heading\">Kastamonu \u00dcniversitesi Parlayan Y\u0131ld\u0131z Konukevi<\/h4>\n\n\n\n<p>Kastamonu \u00dcniversitesi, Kuzeykent Kamp\u00fcs\u00fc, Turizm Fak\u00fcltesi<\/p>\n\n\n\n<p>Tel: 0366 280 37 47<\/p>\n\n\n\n<p>.<\/p>\n\n\n\n<h4 class=\"wp-block-heading\">Kastamonu \u015eehit \u015eerifebac\u0131 \u00d6\u011fretmenevi&nbsp;(Do\u011fa K\u00fclt\u00fcr K\u00f6y\u00fc)<\/h4>\n\n\n\n<p>Tel 0366 212 02 66<\/p>\n\n\n\n<p>Budam\u0131\u015f Mahallesi, Do\u011fa K\u00fclt\u00fcr K\u00f6y\u00fc, Merkez \/ KASTAMONU<\/p>\n\n\n\n<figure class=\"wp-block-embed\"><div class=\"wp-block-embed__wrapper\">\nhttps:\/\/doga.serifebaciogretmenevi.com.tr\n<\/div><\/figure>\n\n\n\n<p><strong>(Rezervasyona kapanm\u0131\u015ft\u0131r)<\/strong><\/p>\n\n\n\n<h4 class=\"wp-block-heading\">.<\/h4>\n\n\n\n<h4 class=\"wp-block-heading\">Kastamonu \u015eehit \u015eerifebac\u0131 \u00d6\u011fretmenevi&nbsp;(\u015eehir Merkezi)<\/h4>\n\n\n\n<p>Tel: 0366 214 64 40<\/p>\n\n\n\n<p>\u0130n\u00f6n\u00fc, \u00d6\u011fretmenevi Caddesi, No:10, Kastamonu Merkez<\/p>\n\n\n\n<figure class=\"wp-block-embed\"><div class=\"wp-block-embed__wrapper\">\nhttps:\/\/serifebaciogretmenevi.com.tr\n<\/div><\/figure>\n\n\n\n<p>.<\/p>\n\n\n\n<h4 class=\"wp-block-heading\">Kastamonu Polis Evi<\/h4>\n\n\n\n<p>Sara\u00e7lar Mahallesi Huzurevi Caddesi Nu: 50 \/ 37200 KASTAMONU<\/p>\n\n\n\n<p>Tel: 0366 212 05 66<\/p>\n\n\n\n<p>Cep Telefon:+90 505 318 37 03<\/p>\n\n\n\n<p>.<\/p>\n\n\n\n<h4 class=\"wp-block-heading\">Park Dedeman Kastamonu<\/h4>\n\n\n\n<p>\u0130stanbul Yolu 4 37100 Kastamonu,<\/p>\n\n\n\n<p>Tel; 0850 283 29 29<\/p>\n\n\n\n<p>Web sayfas\u0131;&nbsp;<a href=\"https:\/\/www.dedeman.com\/oteller\/park-dedeman-kastamonu\">https:\/\/www.dedeman.com\/oteller\/park-dedeman-kastamonu<\/a><\/p>\n","protected":false},"excerpt":{"rendered":"<p>KONAKLAMA Kastamonu \u00dcniversitesi Mevl\u00fct Beyribey Konukevi Kastamonu \u00dcniversitesi, Kuzeykent Kamp\u00fcs\u00fc Tel: 0366 280 32 00 (Rezervasyona kapanm\u0131\u015ft\u0131r) . Konukevi Kastamonu \u00dcniversitesi Parlayan Y\u0131ld\u0131z Konukevi Kastamonu \u00dcniversitesi, Kuzeykent Kamp\u00fcs\u00fc, Turizm Fak\u00fcltesi &#8230;<\/p>\n","protected":false},"author":1,"featured_media":0,"parent":0,"menu_order":0,"comment_status":"closed","ping_status":"closed","template":"","meta":{"footnotes":""},"class_list":["post-1505","page","type-page","status-publish","hentry"],"_links":{"self":[{"href":"https:\/\/2026.ncmrcongress.org.tr\/index.php\/wp-json\/wp\/v2\/pages\/1505","targetHints":{"allow":["GET"]}}],"collection":[{"href":"https:\/\/2026.ncmrcongress.org.tr\/index.php\/wp-json\/wp\/v2\/pages"}],"about":[{"href":"https:\/\/2026.ncmrcongress.org.tr\/index.php\/wp-json\/wp\/v2\/types\/page"}],"author":[{"embeddable":true,"href":"https:\/\/2026.ncmrcongress.org.tr\/index.php\/wp-json\/wp\/v2\/users\/1"}],"replies":[{"embeddable":true,"href":"https:\/\/2026.ncmrcongress.org.tr\/index.php\/wp-json\/wp\/v2\/comments?post=1505"}],"version-history":[{"count":4,"href":"https:\/\/2026.ncmrcongress.org.tr\/index.php\/wp-json\/wp\/v2\/pages\/1505\/revisions"}],"predecessor-version":[{"id":1682,"href":"https:\/\/2026.ncmrcongress.org.tr\/index.php\/wp-json\/wp\/v2\/pages\/1505\/revisions\/1682"}],"wp:attachment":[{"href":"https:\/\/2026.ncmrcongress.org.tr\/index.php\/wp-json\/wp\/v2\/media?parent=1505"}],"curies":[{"name":"wp","href":"https:\/\/api.w.org\/{rel}","templated":true}]}}