{"id":1508,"date":"2026-03-28T10:42:13","date_gmt":"2026-03-28T10:42:13","guid":{"rendered":"https:\/\/2026.ncmrcongress.org.tr\/?page_id=1508"},"modified":"2026-04-03T06:44:22","modified_gmt":"2026-04-03T06:44:22","slug":"ozet-bilgisi","status":"publish","type":"page","link":"https:\/\/2026.ncmrcongress.org.tr\/index.php\/ozet-bilgisi\/","title":{"rendered":"Abstract Informat\u0131on"},"content":{"rendered":"\n<p><strong>Sunum \u00f6zetlerine&nbsp;<a href=\"https:\/\/neurocellmolres.com.tr\/\">buradan ula\u015fabilirsiniz.<\/a><\/strong><\/p>\n\n\n\n<p>Kongreye Son \u00d6zet G\u00f6nderim Tarihi&nbsp;<strong>10 A\u011fustos 2026<\/strong>.<br>\u00d6zetlerinizi form \u00fczerindeki dosya y\u00fckleyici vas\u0131tas\u0131yla g\u00f6nderebilirsiniz.<br>Bir kat\u0131l\u0131m \u00fccretiyle, en fazla iki adet poster sunulabilir.<br>Bilim kurulunun kabul\u00fc durumunda, bir kat\u0131l\u0131m \u00fccretiyle en fazla bir s\u00f6zl\u00fc sunum ve bir poster sunumu yapabilir.<br>Dikkat Edilecek Hususlar<br>-\u00d6zetler ama\u00e7, materyal, metod, sonu\u00e7lar ve tart\u0131\u015fma k\u0131s\u0131mlar\u0131n\u0131 i\u00e7ermeli ve ikiy\u00fczelli kelimeyi ge\u00e7memelidir..<br>-Yaz\u0131 matbu formdaki \u00e7izgiler i\u00e7inde kalmal\u0131d\u0131r.<br>-Yaz\u0131 bilgisayar ile yaz\u0131lmal\u0131d\u0131r.<br>-Ba\u015fl\u0131k k\u00fc\u00e7\u00fck harfle yaz\u0131lacakt\u0131r.<br>-Soyad\u0131 ve ismin ba\u015f harfleri b\u00fcy\u00fck ve ba\u015fl\u0131\u011f\u0131n alt\u0131nda yer almal\u0131d\u0131r.<br>-Yazar\u0131n ait oldu\u011fu kurum bir sat\u0131r ara ile devam etmelidir.<br>-Bildirilerin ba\u015fvuru sayfas\u0131na uygun formatta g\u00f6nderilmesi \u00f6nem ta\u015f\u0131maktad\u0131r.<br>-\u00d6zetler bilim kurulu taraf\u0131ndan de\u011ferlendirilecektir.<\/p>\n\n\n\n<p>S\u00f6zl\u00fc sunumlar i\u00e7in sunum dili&nbsp;<strong>\u0130ngilizce ve<\/strong> <strong>T\u00fcrk\u00e7edir.<\/strong><\/p>\n\n\n\n<p>Poster ve s\u00f6zl\u00fc sunum \u00f6zetlerinin (derginin yaz\u0131m kurallar\u0131)&nbsp;\u0130<strong>ngilizce<\/strong>&nbsp;olarak g\u00f6nderilmesi gerekmektedir. Sunum \u00f6zetleri uluslararas\u0131 hakemli dergi olan \u2018<strong>Neuro-Cell Molecular Research<\/strong> dergisinde (<a href=\"https:\/\/neurocellmolres.com.tr\/\">https:\/\/neurocellmolres.com.tr\/<\/a>)\u2019 da bas\u0131lacakt\u0131r.<\/p>\n\n\n\n<p><strong>Poster Hakk\u0131nda Bilgiler<\/strong><br>-Poster \u00f6zetlerini son g\u00f6nderme tarihi:&nbsp;<strong><strong>10 A\u011fustos 2026<\/strong>.<\/strong><br>-\u00d6zet formlar\u0131n\u0131n sempozyum kitap\u00e7\u0131\u011f\u0131nda yer alabilmesi i\u00e7in bildiri formlar\u0131n\u0131n eksiksiz doldurularak bir kopyas\u0131n\u0131n diskette sempozyum bilimsel sekreterli\u011fine g\u00f6nderilmesi gerekmektedir (Online \u00f6zet g\u00f6ndermeyenler i\u00e7in).<br>-Posterler 70 x 90 cm.boyutunda ve dikey as\u0131lmak \u00fczere haz\u0131rlanmal\u0131d\u0131r.<br>-Posterlerde; Ba\u015fl\u0131k, yazarlar\u0131n isimleri ve kurumlar\u0131 belirtilmelidir.<br>-\u00d6zetler ama\u00e7, materyal, metod, sonu\u00e7lar ve tart\u0131\u015fma k\u0131s\u0131mlar\u0131n\u0131 i\u00e7ermeli ve ikiy\u00fczelli kelimeyi ge\u00e7memelidir.<br>-Posterler sempozyum s\u00fcresince as\u0131l\u0131 kalacakt\u0131r.<br>-Poster asmak i\u00e7in gerekli malzemeler, poster salonlar\u0131nda mevcut olacakt\u0131r.<br>-Bildiri sahibinin e-mail adresi yaz\u0131lmal\u0131.<\/p>\n\n\n\n<p><a href=\"https:\/\/2026.ncmrcongress.org.tr\/wp-content\/uploads\/2026\/03\/abstractt.docx\">\u00d6rnek Bildiri \u00d6zeti i\u00e7in T\u0131klay\u0131n\u0131z\u2026<\/a><\/p>\n\n\n\n<p><strong>Makale kaynak yaz\u0131m \u00d6rne\u011fi:<\/strong><\/p>\n\n\n\n<p><\/p>\n\n\n\n<ol class=\"wp-block-list\">\n<li>Pringsheim T, Jette N, Frolkis A and Steeves, TD.&nbsp; The prevalence of Parkinson&#8217;s disease: a systematic review and meta\u2010analysis. Mov Disord. 2014;29(13):1583-1590.<\/li>\n\n\n\n<li>Pereira GM, Teixeira-dos-Santos D, Soares NM, Marconi GA, Friedrich DC, Saffie Awad P. et al. A systematic review and meta-analysis of the prevalence of Parkinson\u2019s disease in lower to upper-middle-income countries. npj Parkinsons Dis. 2024;10(1):181.<\/li>\n\n\n\n<li>Jankovic J., Parkinson\u2019s disease: clinical features and diagnosis. J Neurol Neurosurg Psychiatry, 2008;79(4):368-376.<\/li>\n<\/ol>\n\n\n\n<h2 class=\"wp-block-heading\"><a href=\"https:\/\/2026.ncmrcongress.org.tr\/index.php\/registration\/\">Submit an Abstract \/ Registration<\/a><\/h2>\n\n\n\n<p><\/p>\n","protected":false},"excerpt":{"rendered":"<p>Sunum \u00f6zetlerine&nbsp;buradan ula\u015fabilirsiniz. Kongreye Son \u00d6zet G\u00f6nderim Tarihi&nbsp;10 A\u011fustos 2026.\u00d6zetlerinizi form \u00fczerindeki dosya y\u00fckleyici vas\u0131tas\u0131yla g\u00f6nderebilirsiniz.Bir kat\u0131l\u0131m \u00fccretiyle, en fazla iki adet poster sunulabilir.Bilim kurulunun kabul\u00fc durumunda, bir kat\u0131l\u0131m \u00fccretiyle &#8230;<\/p>\n","protected":false},"author":1,"featured_media":0,"parent":0,"menu_order":0,"comment_status":"closed","ping_status":"closed","template":"","meta":{"footnotes":""},"class_list":["post-1508","page","type-page","status-publish","hentry"],"_links":{"self":[{"href":"https:\/\/2026.ncmrcongress.org.tr\/index.php\/wp-json\/wp\/v2\/pages\/1508","targetHints":{"allow":["GET"]}}],"collection":[{"href":"https:\/\/2026.ncmrcongress.org.tr\/index.php\/wp-json\/wp\/v2\/pages"}],"about":[{"href":"https:\/\/2026.ncmrcongress.org.tr\/index.php\/wp-json\/wp\/v2\/types\/page"}],"author":[{"embeddable":true,"href":"https:\/\/2026.ncmrcongress.org.tr\/index.php\/wp-json\/wp\/v2\/users\/1"}],"replies":[{"embeddable":true,"href":"https:\/\/2026.ncmrcongress.org.tr\/index.php\/wp-json\/wp\/v2\/comments?post=1508"}],"version-history":[{"count":10,"href":"https:\/\/2026.ncmrcongress.org.tr\/index.php\/wp-json\/wp\/v2\/pages\/1508\/revisions"}],"predecessor-version":[{"id":1737,"href":"https:\/\/2026.ncmrcongress.org.tr\/index.php\/wp-json\/wp\/v2\/pages\/1508\/revisions\/1737"}],"wp:attachment":[{"href":"https:\/\/2026.ncmrcongress.org.tr\/index.php\/wp-json\/wp\/v2\/media?parent=1508"}],"curies":[{"name":"wp","href":"https:\/\/api.w.org\/{rel}","templated":true}]}}