{"id":1560,"date":"2026-03-28T12:14:36","date_gmt":"2026-03-28T12:14:36","guid":{"rendered":"https:\/\/2026.ncmrcongress.org.tr\/?page_id=1560"},"modified":"2026-04-09T09:53:49","modified_gmt":"2026-04-09T09:53:49","slug":"scientific-committee","status":"publish","type":"page","link":"https:\/\/2026.ncmrcongress.org.tr\/index.php\/scientific-committee\/","title":{"rendered":"Sc\u0131ent\u0131f\u0131c Comm\u0131ttee"},"content":{"rendered":"\n<p class=\"has-text-align-center\"><strong><strong><strong>Prof. Dr.<\/strong><\/strong> Ertu\u011frul KILI\u00c7<\/strong><\/p>\n\n\n\n<p class=\"has-text-align-center\">Department of Physiology, Faculty of Medicine, \u0130stanbul Medeniyet University, T\u00fcrkiye<\/p>\n\n\n\n<p class=\"has-text-align-center\"><strong><strong><strong>Prof. Dr.<\/strong><\/strong> Mustafa NAZIRO\u011eLU<\/strong><\/p>\n\n\n\n<p class=\"has-text-align-center\">Department of Biophysics, Faculty of Medicine, S\u00fcleyman Demirel University, T\u00fcrkiye<\/p>\n\n\n\n<p class=\"has-text-align-center\"><strong><strong><strong>Prof. Dr.<\/strong><\/strong> Ramazan BAL<\/strong><\/p>\n\n\n\n<p class=\"has-text-align-center\">Department of Physiology, Faculty of Medicine, Gaziantep University, T\u00fcrkiye<\/p>\n\n\n\n<p class=\"has-text-align-center\"><strong><strong><strong>Prof. Dr.<\/strong><\/strong> S\u00fcleyman KAPLAN<\/strong><\/p>\n\n\n\n<p class=\"has-text-align-center\">Department of Histology-Embryology, Faculty of Medicine, Ondokuz May\u0131s Univesity, T\u00fcrkiye<\/p>\n\n\n\n<p class=\"has-text-align-center\"><strong><strong><strong>Prof. Dr.<\/strong><\/strong> Xinhua SHU<\/strong><\/p>\n\n\n\n<p class=\"has-text-align-center\">Glasgow Caledonian University, Glasgow, UK<\/p>\n\n\n\n<p class=\"has-text-align-center\"><strong>Prof. Dr.&nbsp;\u00d6mer \u00c7EL\u0130K&nbsp;<\/strong><\/p>\n\n\n\n<p class=\"has-text-align-center\">Department of Biophysics, Faculty of Medicine, Suleyman Demirel University, T\u00fcrkiye<\/p>\n\n\n\n<p class=\"has-text-align-center\"><strong>Prof. Dr.&nbsp;Abd\u00fclhadi Cihangir U\u011eUZ<\/strong><\/p>\n\n\n\n<p class=\"has-text-align-center\">Department of Biophysics, Faculty of Medicine, Karamano\u011flu Mehmetbey University, T\u00fcrkiye<\/p>\n\n\n\n<p class=\"has-text-align-center\"><strong>Prof. Dr.&nbsp;Sefa ERT\u00dcRK&nbsp;<\/strong><\/p>\n\n\n\n<p class=\"has-text-align-center\">Department of Biophysics, Faculty of Medicine, Ni\u011fde \u00d6mer Halisdemir University, T\u00fcrkiye<\/p>\n\n\n\n<p class=\"has-text-align-center\"><strong>Prof. Dr&nbsp;Mustafa Tu\u011ffan B\u0130LKAN&nbsp;<\/strong><\/p>\n\n\n\n<p class=\"has-text-align-center\">Department of Biophysics, Faculty of Medicine,&nbsp;<em>Tokat Gaziosmanpasa<\/em>&nbsp;University, T\u00fcrkiye<\/p>\n\n\n\n<p class=\"has-text-align-center\"><strong>Assoc. Prof. Dr&nbsp;Yener YAZ\u011eAN<\/strong><\/p>\n\n\n\n<p class=\"has-text-align-center\">Department of Biophysics, Faculty of Medicine, Kastamonu University, T\u00fcrkiye<\/p>\n\n\n\n<p class=\"has-text-align-center\"><strong>Assoc. Prof. Dr&nbsp;Kenan YILDIZHAN&nbsp;<\/strong><\/p>\n\n\n\n<p class=\"has-text-align-center\">Department of Biophysics, Faculty of Medicine, Van Yuzuncu Y\u0131l University, T\u00fcrkiye<\/p>\n\n\n\n<p class=\"has-text-align-center\"><strong><strong>Assoc. Prof. Dr<\/strong> Ana Nogueira Freitas PEIGNEUR<\/strong><\/p>\n\n\n\n<p class=\"has-text-align-center\">Laboratory of ion channel research<strong><em>,&nbsp;<\/em><\/strong>Belgium<\/p>\n\n\n\n<p class=\"has-text-align-center\"><strong>Assoc. Prof. Dr&nbsp;Mehmet AYKUR&nbsp;<\/strong><\/p>\n\n\n\n<p class=\"has-text-align-center\">Department of Parasitology, Faculty of Medicine,&nbsp;<em>Tokat Gaziosmanpasa<\/em>&nbsp;University, T\u00fcrkiye<\/p>\n\n\n\n<p class=\"has-text-align-center\"><strong>Assoc. Prof. Dr. Ahmet \u015eevki TA\u015eKIRAN<\/strong><\/p>\n\n\n\n<p class=\"has-text-align-center\">Department of Physiology, Faculty of Medicine, Cumhuriyet University, T\u00fcrkiye<\/p>\n\n\n\n<p class=\"has-text-align-center\"><strong>Assoc. Prof. Dr.&nbsp;\u0130shak Suat \u00d6VEY<\/strong><\/p>\n\n\n\n<p class=\"has-text-align-center\">Department of Physiology, Faculty of Medicine, Alanya Alaaddin Keykubat University, T\u00fcrkiye<\/p>\n\n\n\n<p class=\"has-text-align-center\"><strong>Assoc. Prof. Dr.&nbsp;Asl\u0131nur SIRCAN K\u00dc\u00c7\u00dcKSAYAN<\/strong><\/p>\n\n\n\n<p class=\"has-text-align-center\">Department of Biophysics, Faculty of Medicine, Alanya Alaaddin Keykubat University, T\u00fcrkiye<\/p>\n\n\n\n<p class=\"has-text-align-center\"><strong>Assoc. Prof. Dr<\/strong>.<strong>&nbsp;K\u0131ymet K\u00fcbra T\u00dcFEKC\u0130<\/strong><\/p>\n\n\n\n<p class=\"has-text-align-center\">Department of Histology-Embryology, Faculty of Medicine, Kastamonu University, T\u00fcrkiye<\/p>\n\n\n\n<p class=\"has-text-align-center\"><strong>Assoc. Prof. Dr<\/strong>.<strong>&nbsp;<strong>U\u011fur AKPULAT<\/strong><\/strong><\/p>\n\n\n\n<p class=\"has-text-align-center\">Department of Medical Biology, Faculty of Medicine, Kastamonu University, T\u00fcrkiye<\/p>\n\n\n\n<p class=\"has-text-align-center\"><strong>Assoc. Prof. Dr<\/strong>.<strong>&nbsp;<strong>Sedat G\u00dcLTEN<\/strong><\/strong><\/p>\n\n\n\n<p class=\"has-text-align-center\">Department of Medical Biochemistry, Faculty of Medicine, Kastamonu University, T\u00fcrkiye<\/p>\n\n\n\n<p class=\"has-text-align-center\"><strong>Assoc. Prof. Dr<\/strong>.<strong>&nbsp;<strong>\u0130dris KOCAT\u00dcRK<\/strong><\/strong><\/p>\n\n\n\n<p class=\"has-text-align-center\">Department of Neurology, Faculty of Medicine, Kastamonu University, T\u00fcrkiye<\/p>\n\n\n\n<p class=\"has-text-align-center\"><strong>Assoc. Prof. Dr<\/strong>.<strong>&nbsp;<strong><strong>\u0130rfan \u00c7INAR<\/strong><\/strong><\/strong><\/p>\n\n\n\n<p class=\"has-text-align-center\">Department of Medical Pharmacology<strong>,<\/strong> Faculty of Medicine, Kastamonu University, T\u00fcrkiye<\/p>\n\n\n\n<p class=\"has-text-align-center\"><strong><strong>Assist. Prof. Dr.<\/strong> <strong>Yunus Emre ARVAS<\/strong><\/strong><\/p>\n\n\n\n<p class=\"has-text-align-center\">Department of Molecular Biology and Genetics, Faculty of Science, Van Yuzuncu Y\u0131l University, T\u00fcrkiye<\/p>\n\n\n\n<p class=\"has-text-align-center\"><strong><strong>Assist. Prof. Dr.<\/strong> Abdalla Ahmed ELAMIN<\/strong><\/p>\n\n\n\n<p class=\"has-text-align-center\">RAK Medical and Health Sciences University, UAE<\/p>\n\n\n\n<p class=\"has-text-align-center\"><strong><strong>Assist. Prof. Dr.<\/strong> Denis ROUSSEAU<\/strong><\/p>\n\n\n\n<p class=\"has-text-align-center\">Joseph Fourier University, France<\/p>\n\n\n\n<p class=\"has-text-align-center\"><strong><strong>Assist. Prof. Dr.<\/strong> Hosam Eldeen Mohammed<\/strong><\/p>\n\n\n\n<p class=\"has-text-align-center\">Warwick University, Warwick, UK<\/p>\n\n\n\n<p class=\"has-text-align-center\"><strong><strong>Assist. Prof. Dr.<\/strong> Aykut DEVECI<\/strong><\/p>\n\n\n\n<p class=\"has-text-align-center\">Weill Cornell Medicine Feil Family Brain &amp; Mind Research Institute, New York, USA<\/p>\n","protected":false},"excerpt":{"rendered":"<p>Prof. Dr. Ertu\u011frul KILI\u00c7 Department of Physiology, Faculty of Medicine, \u0130stanbul Medeniyet University, T\u00fcrkiye Prof. Dr. Mustafa NAZIRO\u011eLU Department of Biophysics, Faculty of Medicine, S\u00fcleyman Demirel University, T\u00fcrkiye Prof. Dr. &#8230;<\/p>\n","protected":false},"author":1,"featured_media":0,"parent":0,"menu_order":0,"comment_status":"closed","ping_status":"closed","template":"","meta":{"footnotes":""},"class_list":["post-1560","page","type-page","status-publish","hentry"],"_links":{"self":[{"href":"https:\/\/2026.ncmrcongress.org.tr\/index.php\/wp-json\/wp\/v2\/pages\/1560","targetHints":{"allow":["GET"]}}],"collection":[{"href":"https:\/\/2026.ncmrcongress.org.tr\/index.php\/wp-json\/wp\/v2\/pages"}],"about":[{"href":"https:\/\/2026.ncmrcongress.org.tr\/index.php\/wp-json\/wp\/v2\/types\/page"}],"author":[{"embeddable":true,"href":"https:\/\/2026.ncmrcongress.org.tr\/index.php\/wp-json\/wp\/v2\/users\/1"}],"replies":[{"embeddable":true,"href":"https:\/\/2026.ncmrcongress.org.tr\/index.php\/wp-json\/wp\/v2\/comments?post=1560"}],"version-history":[{"count":10,"href":"https:\/\/2026.ncmrcongress.org.tr\/index.php\/wp-json\/wp\/v2\/pages\/1560\/revisions"}],"predecessor-version":[{"id":1848,"href":"https:\/\/2026.ncmrcongress.org.tr\/index.php\/wp-json\/wp\/v2\/pages\/1560\/revisions\/1848"}],"wp:attachment":[{"href":"https:\/\/2026.ncmrcongress.org.tr\/index.php\/wp-json\/wp\/v2\/media?parent=1560"}],"curies":[{"name":"wp","href":"https:\/\/api.w.org\/{rel}","templated":true}]}}